{"id":2,"date":"2015-06-13T13:55:03","date_gmt":"2015-06-13T12:55:03","guid":{"rendered":"http:\/\/www.paper-video-games.com\/blog\/?page_id=2"},"modified":"2015-06-21T20:25:05","modified_gmt":"2015-06-21T19:25:05","slug":"page-d-exemple","status":"publish","type":"page","link":"http:\/\/www.paper-video-games.com\/blog\/page-d-exemple\/","title":{"rendered":"About"},"content":{"rendered":"<p>Ce blog s&rsquo;int\u00e9resse \u00e0\u00a0la mise en relation du tangible (principalement le papier) et du num\u00e9rique (l\u2019aspect ludique sera mis en avant).<\/p>\n<p>Sa forme sera tr\u00e8s simple, une photo, une vid\u00e9o, un tr\u00e8s court texte, un lien.<\/p>\n","protected":false},"excerpt":{"rendered":"<p>Ce blog s&rsquo;int\u00e9resse \u00e0\u00a0la mise en relation du tangible (principalement le papier) et du num\u00e9rique (l\u2019aspect ludique sera mis en<\/p>\n","protected":false},"author":1,"featured_media":0,"parent":0,"menu_order":0,"comment_status":"open","ping_status":"open","template":"","meta":[],"_links":{"self":[{"href":"http:\/\/www.paper-video-games.com\/blog\/wp-json\/wp\/v2\/pages\/2"}],"collection":[{"href":"http:\/\/www.paper-video-games.com\/blog\/wp-json\/wp\/v2\/pages"}],"about":[{"href":"http:\/\/www.paper-video-games.com\/blog\/wp-json\/wp\/v2\/types\/page"}],"author":[{"embeddable":true,"href":"http:\/\/www.paper-video-games.com\/blog\/wp-json\/wp\/v2\/users\/1"}],"replies":[{"embeddable":true,"href":"http:\/\/www.paper-video-games.com\/blog\/wp-json\/wp\/v2\/comments?post=2"}],"version-history":[{"count":5,"href":"http:\/\/www.paper-video-games.com\/blog\/wp-json\/wp\/v2\/pages\/2\/revisions"}],"predecessor-version":[{"id":521,"href":"http:\/\/www.paper-video-games.com\/blog\/wp-json\/wp\/v2\/pages\/2\/revisions\/521"}],"wp:attachment":[{"href":"http:\/\/www.paper-video-games.com\/blog\/wp-json\/wp\/v2\/media?parent=2"}],"curies":[{"name":"wp","href":"https:\/\/api.w.org\/{rel}","templated":true}]}}